{"id":4201,"date":"2023-06-04T11:05:50","date_gmt":"2023-06-04T09:05:50","guid":{"rendered":"https:\/\/lazarorosaviolan.com\/diseno-grafico\/"},"modified":"2025-08-12T00:14:01","modified_gmt":"2025-08-11T22:14:01","slug":"diseno-grafico","status":"publish","type":"page","link":"https:\/\/lazarorosaviolan.com\/es\/diseno-grafico\/","title":{"rendered":"dise\u00f1o gr\u00e1fico"},"content":{"rendered":"\t\t<div data-elementor-type=\"wp-page\" data-elementor-id=\"4201\" class=\"elementor elementor-4201 elementor-4139\" data-elementor-post-type=\"page\">\n\t\t\t\t\t\t<section class=\"elementor-section elementor-top-section elementor-element elementor-element-d4889fc elementor-section-full_width elementor-section-height-default elementor-section-height-default\" data-id=\"d4889fc\" data-element_type=\"section\" data-settings=\"{&quot;jet_parallax_layout_list&quot;:[]}\">\n\t\t\t\t\t\t<div class=\"elementor-container elementor-column-gap-default\">\n\t\t\t\t\t<div class=\"elementor-column elementor-col-100 elementor-top-column elementor-element elementor-element-cc393ac\" data-id=\"cc393ac\" data-element_type=\"column\">\n\t\t\t<div class=\"elementor-widget-wrap elementor-element-populated\">\n\t\t\t\t\t\t<div class=\"elementor-element elementor-element-5d1c148 elementor-widget elementor-widget-jet-engine-maps-listing\" data-id=\"5d1c148\" data-element_type=\"widget\" data-widget_type=\"jet-engine-maps-listing.default\">\n\t\t\t\t<div class=\"elementor-widget-container\">\n\t\t\t\t\t<div class=\"jet-map-listing jet-listing-grid--1143 popup-has-pin google-provider\" data-init=\"{&quot;zoomControl&quot;:true,&quot;fullscreenControl&quot;:true,&quot;streetViewControl&quot;:false,&quot;mapTypeControl&quot;:false}\" data-markers=\"[{&quot;id&quot;:4417,&quot;latLang&quot;:{&quot;lat&quot;:&quot;29.74391242123646&quot;,&quot;lng&quot;:&quot;-95.45292537784488&quot;},&quot;label&quot;:false,&quot;custom_marker&quot;:false,&quot;geo_query_distance&quot;:-1}]\" data-general=\"{&quot;api&quot;:&quot;https:\\\/\\\/lazarorosaviolan.com\\\/es\\\/wp-json\\\/jet-engine\\\/v2\\\/get-map-marker-info\\\/&quot;,&quot;restNonce&quot;:&quot;955ff0d6f9&quot;,&quot;listingID&quot;:1143,&quot;source&quot;:&quot;posts&quot;,&quot;width&quot;:300,&quot;offset&quot;:40,&quot;clustererImg&quot;:&quot;https:\\\/\\\/lazarorosaviolan.com\\\/wp-content\\\/themes\\\/lrv-child\\\/markerclusterer-img\\\/m&quot;,&quot;marker&quot;:{&quot;type&quot;:&quot;icon&quot;,&quot;html&quot;:&quot;&lt;i class=\\&quot;jet-map-marker jet-map-marker-default apply-fill fas fa-circle\\&quot; aria-hidden=\\&quot;true\\&quot;&gt;&lt;\\\/i&gt;&quot;},&quot;autoCenter&quot;:true,&quot;maxZoom&quot;:14,&quot;minZoom&quot;:false,&quot;customCenter&quot;:false,&quot;customZoom&quot;:11,&quot;popupPreloader&quot;:true,&quot;querySeparator&quot;:&quot;?&quot;,&quot;markerClustering&quot;:false,&quot;clusterMaxZoom&quot;:&quot;&quot;,&quot;clusterRadius&quot;:&quot;&quot;,&quot;popupOpenOn&quot;:&quot;click&quot;,&quot;centeringOnOpen&quot;:true,&quot;zoomOnOpen&quot;:false,&quot;advanced&quot;:{&quot;zoom_control&quot;:&quot;cooperative&quot;},&quot;user_location_enabled&quot;:false,&quot;user_location_marker&quot;:false,&quot;user_location_label&quot;:&quot;&quot;,&quot;styles&quot;:[{&quot;featureType&quot;:&quot;administrative&quot;,&quot;elementType&quot;:&quot;labels.text.fill&quot;,&quot;stylers&quot;:[{&quot;color&quot;:&quot;#444444&quot;}]},{&quot;featureType&quot;:&quot;landscape&quot;,&quot;elementType&quot;:&quot;all&quot;,&quot;stylers&quot;:[{&quot;color&quot;:&quot;#f2f2f2&quot;}]},{&quot;featureType&quot;:&quot;landscape.man_made&quot;,&quot;elementType&quot;:&quot;geometry.stroke&quot;,&quot;stylers&quot;:[{&quot;visibility&quot;:&quot;on&quot;}]},{&quot;featureType&quot;:&quot;landscape.man_made&quot;,&quot;elementType&quot;:&quot;labels.text&quot;,&quot;stylers&quot;:[{&quot;visibility&quot;:&quot;off&quot;}]},{&quot;featureType&quot;:&quot;landscape.natural&quot;,&quot;elementType&quot;:&quot;labels.text&quot;,&quot;stylers&quot;:[{&quot;visibility&quot;:&quot;off&quot;}]},{&quot;featureType&quot;:&quot;poi&quot;,&quot;elementType&quot;:&quot;all&quot;,&quot;stylers&quot;:[{&quot;visibility&quot;:&quot;off&quot;}]},{&quot;featureType&quot;:&quot;road&quot;,&quot;elementType&quot;:&quot;all&quot;,&quot;stylers&quot;:[{&quot;saturation&quot;:-100},{&quot;lightness&quot;:45}]},{&quot;featureType&quot;:&quot;road&quot;,&quot;elementType&quot;:&quot;geometry.fill&quot;,&quot;stylers&quot;:[{&quot;visibility&quot;:&quot;on&quot;}]},{&quot;featureType&quot;:&quot;road&quot;,&quot;elementType&quot;:&quot;labels.text.fill&quot;,&quot;stylers&quot;:[{&quot;visibility&quot;:&quot;on&quot;}]},{&quot;featureType&quot;:&quot;road.highway&quot;,&quot;elementType&quot;:&quot;all&quot;,&quot;stylers&quot;:[{&quot;visibility&quot;:&quot;simplified&quot;}]},{&quot;featureType&quot;:&quot;road.arterial&quot;,&quot;elementType&quot;:&quot;labels.icon&quot;,&quot;stylers&quot;:[{&quot;visibility&quot;:&quot;off&quot;}]},{&quot;featureType&quot;:&quot;road.local&quot;,&quot;elementType&quot;:&quot;geometry.fill&quot;,&quot;stylers&quot;:[{&quot;visibility&quot;:&quot;on&quot;}]},{&quot;featureType&quot;:&quot;transit&quot;,&quot;elementType&quot;:&quot;all&quot;,&quot;stylers&quot;:[{&quot;visibility&quot;:&quot;off&quot;}]},{&quot;featureType&quot;:&quot;water&quot;,&quot;elementType&quot;:&quot;all&quot;,&quot;stylers&quot;:[{&quot;color&quot;:&quot;#000000&quot;},{&quot;visibility&quot;:&quot;on&quot;}]}]}\" data-listing-source=\"posts\" data-queried-id=\"4201|WP_Post\"><\/div>\t\t\t\t<\/div>\n\t\t\t\t<\/div>\n\t\t\t\t\t<\/div>\n\t\t<\/div>\n\t\t\t\t\t<\/div>\n\t\t<\/section>\n\t\t\t\t<section class=\"elementor-section elementor-top-section elementor-element elementor-element-8d6adb0 elementor-section-boxed elementor-section-height-default elementor-section-height-default\" data-id=\"8d6adb0\" data-element_type=\"section\" data-settings=\"{&quot;jet_parallax_layout_list&quot;:[]}\">\n\t\t\t\t\t\t<div class=\"elementor-container elementor-column-gap-default\">\n\t\t\t\t\t<div class=\"elementor-column elementor-col-100 elementor-top-column elementor-element elementor-element-0b9f296\" data-id=\"0b9f296\" data-element_type=\"column\">\n\t\t\t<div class=\"elementor-widget-wrap elementor-element-populated\">\n\t\t\t\t\t\t<div class=\"elementor-element elementor-element-1b8cc40 elementor-widget elementor-widget-heading\" data-id=\"1b8cc40\" data-element_type=\"widget\" data-widget_type=\"heading.default\">\n\t\t\t\t<div class=\"elementor-widget-container\">\n\t\t\t\t\t<h2 class=\"elementor-heading-title elementor-size-default\">DISE\u00d1O GR\u00c1FICO<\/h2>\t\t\t\t<\/div>\n\t\t\t\t<\/div>\n\t\t\t\t<div class=\"elementor-element elementor-element-5e6035b elementor-widget elementor-widget-heading\" data-id=\"5e6035b\" data-element_type=\"widget\" data-widget_type=\"heading.default\">\n\t\t\t\t<div class=\"elementor-widget-container\">\n\t\t\t\t\t<h2 class=\"elementor-heading-title elementor-size-default\"><a href=\"\/allprojects\">Todos los proyectos<\/a><\/h2>\t\t\t\t<\/div>\n\t\t\t\t<\/div>\n\t\t\t\t\t<\/div>\n\t\t<\/div>\n\t\t\t\t\t<\/div>\n\t\t<\/section>\n\t\t\t\t<section class=\"elementor-section elementor-top-section elementor-element elementor-element-437cda8 elementor-section-boxed elementor-section-height-default elementor-section-height-default\" data-id=\"437cda8\" data-element_type=\"section\" data-settings=\"{&quot;jet_parallax_layout_list&quot;:[]}\">\n\t\t\t\t\t\t<div class=\"elementor-container elementor-column-gap-no\">\n\t\t\t\t\t<div class=\"elementor-column elementor-col-100 elementor-top-column elementor-element elementor-element-9db1c98\" data-id=\"9db1c98\" data-element_type=\"column\">\n\t\t\t<div class=\"elementor-widget-wrap elementor-element-populated\">\n\t\t\t\t\t\t<div class=\"elementor-element elementor-element-f383fe5 elementor-widget elementor-widget-jet-listing-grid\" data-id=\"f383fe5\" data-element_type=\"widget\" id=\"map4\" data-settings=\"{&quot;columns&quot;:&quot;2&quot;,&quot;columns_laptop&quot;:&quot;2&quot;,&quot;columns_tablet&quot;:&quot;1&quot;,&quot;columns_mobile&quot;:&quot;1&quot;}\" data-widget_type=\"jet-listing-grid.default\">\n\t\t\t\t<div class=\"elementor-widget-container\">\n\t\t\t\t\t<div class=\"jet-listing-grid jet-listing\"><div class=\"jet-listing-grid__items grid-col-desk-2 grid-col-tablet-1 grid-col-mobile-1 jet-listing-grid--866\" data-queried-id=\"4201|WP_Post\" data-nav=\"{&quot;enabled&quot;:true,&quot;type&quot;:&quot;scroll&quot;,&quot;more_el&quot;:null,&quot;query&quot;:{&quot;post_status&quot;:[&quot;publish&quot;],&quot;post_type&quot;:&quot;_projectes&quot;,&quot;posts_per_page&quot;:&quot;15&quot;,&quot;paged&quot;:&quot;1&quot;,&quot;ignore_sticky_posts&quot;:&quot;1&quot;,&quot;meta_query&quot;:[{&quot;key&quot;:&quot;_categoria&quot;,&quot;value&quot;:&quot;graphic design&quot;,&quot;compare&quot;:&quot;=&quot;,&quot;type&quot;:&quot;CHAR&quot;}],&quot;suppress_filters&quot;:false,&quot;jet_smart_filters&quot;:&quot;jet-engine\\\/map4&quot;,&quot;signature&quot;:&quot;71e8a8e36eee7298e01d36b29b869a11b747a61e428bba7827a1c293212f447f&quot;},&quot;widget_settings&quot;:{&quot;lisitng_id&quot;:866,&quot;posts_num&quot;:15,&quot;columns&quot;:2,&quot;columns_tablet&quot;:1,&quot;columns_mobile&quot;:1,&quot;column_min_width&quot;:240,&quot;column_min_width_tablet&quot;:240,&quot;column_min_width_mobile&quot;:240,&quot;inline_columns_css&quot;:false,&quot;is_archive_template&quot;:&quot;&quot;,&quot;post_status&quot;:[&quot;publish&quot;],&quot;use_random_posts_num&quot;:&quot;&quot;,&quot;max_posts_num&quot;:9,&quot;not_found_message&quot;:&quot;No hay datos&quot;,&quot;is_masonry&quot;:false,&quot;equal_columns_height&quot;:&quot;&quot;,&quot;use_load_more&quot;:&quot;yes&quot;,&quot;load_more_id&quot;:&quot;&quot;,&quot;load_more_type&quot;:&quot;scroll&quot;,&quot;load_more_offset&quot;:{&quot;unit&quot;:&quot;px&quot;,&quot;size&quot;:0,&quot;sizes&quot;:[]},&quot;use_custom_post_types&quot;:&quot;&quot;,&quot;custom_post_types&quot;:[&quot;_projectes&quot;],&quot;hide_widget_if&quot;:&quot;&quot;,&quot;carousel_enabled&quot;:&quot;&quot;,&quot;slides_to_scroll&quot;:&quot;1&quot;,&quot;arrows&quot;:&quot;true&quot;,&quot;arrow_icon&quot;:&quot;fa fa-angle-left&quot;,&quot;dots&quot;:&quot;&quot;,&quot;autoplay&quot;:&quot;true&quot;,&quot;pause_on_hover&quot;:&quot;true&quot;,&quot;autoplay_speed&quot;:5000,&quot;infinite&quot;:&quot;true&quot;,&quot;center_mode&quot;:&quot;&quot;,&quot;effect&quot;:&quot;slide&quot;,&quot;speed&quot;:500,&quot;inject_alternative_items&quot;:&quot;&quot;,&quot;injection_items&quot;:[],&quot;scroll_slider_enabled&quot;:&quot;&quot;,&quot;scroll_slider_on&quot;:[&quot;desktop&quot;,&quot;tablet&quot;,&quot;mobile&quot;],&quot;custom_query&quot;:false,&quot;custom_query_id&quot;:&quot;&quot;,&quot;_element_id&quot;:&quot;map4&quot;,&quot;collapse_first_last_gap&quot;:false,&quot;list_tag_selection&quot;:&quot;&quot;,&quot;list_items_wrapper_tag&quot;:&quot;div&quot;,&quot;list_item_tag&quot;:&quot;div&quot;,&quot;empty_items_wrapper_tag&quot;:&quot;div&quot;}}\" data-page=\"1\" data-pages=\"1\" data-listing-source=\"posts\" data-listing-id=\"866\" data-query-id=\"\"><div class=\"jet-listing-grid__item jet-listing-dynamic-post-4417\" data-post-id=\"4417\"  ><div class=\"jet-engine-listing-overlay-wrap\" data-url=\"https:\/\/lazarorosaviolan.com\/es\/allprojects\/mad-diseno-grafico\/\">\t\t<div data-elementor-type=\"jet-listing-items\" data-elementor-id=\"866\" class=\"elementor elementor-866\" data-elementor-post-type=\"jet-engine\">\n\t\t\t\t\t\t<section class=\"elementor-section elementor-top-section elementor-element elementor-element-96c47f3 elementor-section-boxed elementor-section-height-default elementor-section-height-default\" data-id=\"96c47f3\" data-element_type=\"section\" data-settings=\"{&quot;background_background&quot;:&quot;classic&quot;,&quot;jet_parallax_layout_list&quot;:[]}\">\n\t\t\t\t\t\t<div class=\"elementor-container elementor-column-gap-no\">\n\t\t\t\t\t<div class=\"elementor-column elementor-col-50 elementor-top-column elementor-element elementor-element-d32c0b3\" data-id=\"d32c0b3\" data-element_type=\"column\">\n\t\t\t<div class=\"elementor-widget-wrap elementor-element-populated\">\n\t\t\t\t\t\t<div class=\"elementor-element elementor-element-ed63c33 e-transform elementor-widget elementor-widget-image\" data-id=\"ed63c33\" data-element_type=\"widget\" data-settings=\"{&quot;_transform_scale_effect_hover_laptop&quot;:{&quot;unit&quot;:&quot;px&quot;,&quot;size&quot;:1.1,&quot;sizes&quot;:[]},&quot;_transform_scale_effect_hover&quot;:{&quot;unit&quot;:&quot;px&quot;,&quot;size&quot;:&quot;&quot;,&quot;sizes&quot;:[]},&quot;_transform_scale_effect_hover_widescreen&quot;:{&quot;unit&quot;:&quot;px&quot;,&quot;size&quot;:&quot;&quot;,&quot;sizes&quot;:[]},&quot;_transform_scale_effect_hover_tablet&quot;:{&quot;unit&quot;:&quot;px&quot;,&quot;size&quot;:&quot;&quot;,&quot;sizes&quot;:[]},&quot;_transform_scale_effect_hover_mobile&quot;:{&quot;unit&quot;:&quot;px&quot;,&quot;size&quot;:&quot;&quot;,&quot;sizes&quot;:[]}}\" data-widget_type=\"image.default\">\n\t\t\t\t<div class=\"elementor-widget-container\">\n\t\t\t\t\t\t\t\t\t\t\t\t\t\t\t<img fetchpriority=\"high\" decoding=\"async\" width=\"600\" height=\"223\" src=\"https:\/\/lazarorosaviolan.com\/wp-content\/uploads\/MAD_branding-600x223.jpg\" class=\"attachment-medium size-medium wp-image-4412\" alt=\"\" srcset=\"https:\/\/lazarorosaviolan.com\/wp-content\/uploads\/MAD_branding-600x223.jpg 600w, https:\/\/lazarorosaviolan.com\/wp-content\/uploads\/MAD_branding-768x285.jpg 768w, https:\/\/lazarorosaviolan.com\/wp-content\/uploads\/MAD_branding-1536x571.jpg 1536w, https:\/\/lazarorosaviolan.com\/wp-content\/uploads\/MAD_branding.jpg 1550w\" sizes=\"(max-width: 600px) 100vw, 600px\" \/>\t\t\t\t\t\t\t\t\t\t\t\t\t\t\t<\/div>\n\t\t\t\t<\/div>\n\t\t\t\t\t<\/div>\n\t\t<\/div>\n\t\t\t\t<div class=\"elementor-column elementor-col-50 elementor-top-column elementor-element elementor-element-1516167\" data-id=\"1516167\" data-element_type=\"column\">\n\t\t\t<div class=\"elementor-widget-wrap elementor-element-populated\">\n\t\t\t\t\t\t<div class=\"elementor-element elementor-element-4859a4c elementor-widget elementor-widget-heading\" data-id=\"4859a4c\" data-element_type=\"widget\" data-widget_type=\"heading.default\">\n\t\t\t\t<div class=\"elementor-widget-container\">\n\t\t\t\t\t<h2 class=\"elementor-heading-title elementor-size-default\">MAD Houston<\/h2>\t\t\t\t<\/div>\n\t\t\t\t<\/div>\n\t\t\t\t<div class=\"elementor-element elementor-element-be576bc elementor-widget elementor-widget-jet-listing-dynamic-field\" data-id=\"be576bc\" data-element_type=\"widget\" data-widget_type=\"jet-listing-dynamic-field.default\">\n\t\t\t\t<div class=\"elementor-widget-container\">\n\t\t\t\t\t<div class=\"jet-listing jet-listing-dynamic-field display-inline\"><div class=\"jet-listing-dynamic-field__inline-wrap\"><div class=\"jet-listing-dynamic-field__content\">4444 WESTHEIMER RD SUITE C180, HOUSTON, TX 77027<\/div><\/div><\/div>\t\t\t\t<\/div>\n\t\t\t\t<\/div>\n\t\t\t\t\t<\/div>\n\t\t<\/div>\n\t\t\t\t\t<\/div>\n\t\t<\/section>\n\t\t\t\t<\/div>\n\t\t<a href=\"https:\/\/lazarorosaviolan.com\/es\/allprojects\/mad-diseno-grafico\/\" class=\"jet-engine-listing-overlay-link\"><\/a><\/div><\/div><\/div><\/div>\t\t\t\t<\/div>\n\t\t\t\t<\/div>\n\t\t\t\t<div class=\"elementor-element elementor-element-b265d9b elementor-widget elementor-widget-spacer\" data-id=\"b265d9b\" data-element_type=\"widget\" data-widget_type=\"spacer.default\">\n\t\t\t\t<div class=\"elementor-widget-container\">\n\t\t\t\t\t\t\t<div class=\"elementor-spacer\">\n\t\t\t<div class=\"elementor-spacer-inner\"><\/div>\n\t\t<\/div>\n\t\t\t\t\t\t<\/div>\n\t\t\t\t<\/div>\n\t\t\t\t\t<\/div>\n\t\t<\/div>\n\t\t\t\t\t<\/div>\n\t\t<\/section>\n\t\t\t\t<\/div>\n\t\t","protected":false},"excerpt":{"rendered":"<p>DISE\u00d1O GR\u00c1FICO Todos los proyectos 4444 WESTHEIMER RD SUITE C180, HOUSTON, TX 77027<\/p>\n","protected":false},"author":1,"featured_media":0,"parent":0,"menu_order":0,"comment_status":"closed","ping_status":"closed","template":"elementor_theme","meta":{"site-sidebar-layout":"no-sidebar","site-content-layout":"page-builder","ast-site-content-layout":"default","site-content-style":"default","site-sidebar-style":"default","ast-global-header-display":"","ast-banner-title-visibility":"","ast-main-header-display":"","ast-hfb-above-header-display":"","ast-hfb-below-header-display":"","ast-hfb-mobile-header-display":"","site-post-title":"disabled","ast-breadcrumbs-content":"","ast-featured-img":"disabled","footer-sml-layout":"","theme-transparent-header-meta":"","adv-header-id-meta":"","stick-header-meta":"","header-above-stick-meta":"","header-main-stick-meta":"","header-below-stick-meta":"","astra-migrate-meta-layouts":"default","ast-page-background-enabled":"default","ast-page-background-meta":{"desktop":{"background-color":"var(--ast-global-color-4)","background-image":"","background-repeat":"repeat","background-position":"center center","background-size":"auto","background-attachment":"scroll","background-type":"","background-media":"","overlay-type":"","overlay-color":"","overlay-opacity":"","overlay-gradient":""},"tablet":{"background-color":"","background-image":"","background-repeat":"repeat","background-position":"center center","background-size":"auto","background-attachment":"scroll","background-type":"","background-media":"","overlay-type":"","overlay-color":"","overlay-opacity":"","overlay-gradient":""},"mobile":{"background-color":"","background-image":"","background-repeat":"repeat","background-position":"center center","background-size":"auto","background-attachment":"scroll","background-type":"","background-media":"","overlay-type":"","overlay-color":"","overlay-opacity":"","overlay-gradient":""}},"ast-content-background-meta":{"desktop":{"background-color":"var(--ast-global-color-5)","background-image":"","background-repeat":"repeat","background-position":"center center","background-size":"auto","background-attachment":"scroll","background-type":"","background-media":"","overlay-type":"","overlay-color":"","overlay-opacity":"","overlay-gradient":""},"tablet":{"background-color":"var(--ast-global-color-5)","background-image":"","background-repeat":"repeat","background-position":"center center","background-size":"auto","background-attachment":"scroll","background-type":"","background-media":"","overlay-type":"","overlay-color":"","overlay-opacity":"","overlay-gradient":""},"mobile":{"background-color":"var(--ast-global-color-5)","background-image":"","background-repeat":"repeat","background-position":"center center","background-size":"auto","background-attachment":"scroll","background-type":"","background-media":"","overlay-type":"","overlay-color":"","overlay-opacity":"","overlay-gradient":""}},"footnotes":""},"class_list":["post-4201","page","type-page","status-publish","hentry"],"yoast_head":"<!-- This site is optimized with the Yoast SEO plugin v26.1.1 - https:\/\/yoast.com\/wordpress\/plugins\/seo\/ -->\n<title>dise\u00f1o gr\u00e1fico | L\u00e1zaro Rosa Viol\u00e1n<\/title>\n<meta name=\"robots\" content=\"index, follow, max-snippet:-1, max-image-preview:large, max-video-preview:-1\" \/>\n<link rel=\"canonical\" href=\"https:\/\/lazarorosaviolan.com\/es\/diseno-grafico\/\" \/>\n<meta property=\"og:locale\" content=\"es_ES\" \/>\n<meta property=\"og:type\" content=\"article\" \/>\n<meta property=\"og:title\" content=\"dise\u00f1o gr\u00e1fico | L\u00e1zaro Rosa Viol\u00e1n\" \/>\n<meta property=\"og:description\" content=\"DISE\u00d1O GR\u00c1FICO Todos los proyectos 4444 WESTHEIMER RD SUITE C180, HOUSTON, TX 77027\" \/>\n<meta property=\"og:url\" content=\"https:\/\/lazarorosaviolan.com\/es\/diseno-grafico\/\" \/>\n<meta property=\"og:site_name\" content=\"L\u00e1zaro Rosa Viol\u00e1n\" \/>\n<meta property=\"article:publisher\" content=\"https:\/\/www.instagram.com\/lazarorosaviolan\/\" \/>\n<meta property=\"article:modified_time\" content=\"2025-08-11T22:14:01+00:00\" \/>\n<meta property=\"og:image\" content=\"https:\/\/lazarorosaviolan.com\/wp-content\/uploads\/logo-png24.png\" \/>\n\t<meta property=\"og:image:width\" content=\"203\" \/>\n\t<meta property=\"og:image:height\" content=\"76\" \/>\n\t<meta property=\"og:image:type\" content=\"image\/png\" \/>\n<meta name=\"twitter:card\" content=\"summary_large_image\" \/>\n<meta name=\"twitter:label1\" content=\"Tiempo de lectura\" \/>\n\t<meta name=\"twitter:data1\" content=\"14 minutos\" \/>\n<script type=\"application\/ld+json\" class=\"yoast-schema-graph\">{\"@context\":\"https:\/\/schema.org\",\"@graph\":[{\"@type\":\"WebPage\",\"@id\":\"https:\/\/lazarorosaviolan.com\/es\/diseno-grafico\/\",\"url\":\"https:\/\/lazarorosaviolan.com\/es\/diseno-grafico\/\",\"name\":\"dise\u00f1o gr\u00e1fico | L\u00e1zaro Rosa Viol\u00e1n\",\"isPartOf\":{\"@id\":\"https:\/\/lazarorosaviolan.com\/es\/#website\"},\"datePublished\":\"2023-06-04T09:05:50+00:00\",\"dateModified\":\"2025-08-11T22:14:01+00:00\",\"breadcrumb\":{\"@id\":\"https:\/\/lazarorosaviolan.com\/es\/diseno-grafico\/#breadcrumb\"},\"inLanguage\":\"es\",\"potentialAction\":[{\"@type\":\"ReadAction\",\"target\":[\"https:\/\/lazarorosaviolan.com\/es\/diseno-grafico\/\"]}]},{\"@type\":\"BreadcrumbList\",\"@id\":\"https:\/\/lazarorosaviolan.com\/es\/diseno-grafico\/#breadcrumb\",\"itemListElement\":[{\"@type\":\"ListItem\",\"position\":1,\"name\":\"Home\",\"item\":\"https:\/\/lazarorosaviolan.com\/es\/\"},{\"@type\":\"ListItem\",\"position\":2,\"name\":\"dise\u00f1o gr\u00e1fico\"}]},{\"@type\":\"WebSite\",\"@id\":\"https:\/\/lazarorosaviolan.com\/es\/#website\",\"url\":\"https:\/\/lazarorosaviolan.com\/es\/\",\"name\":\"lazaro rosa violan | contemporain studio\",\"description\":\"lrv\",\"publisher\":{\"@id\":\"https:\/\/lazarorosaviolan.com\/es\/#organization\"},\"alternateName\":\"lazaro rosa violan\",\"potentialAction\":[{\"@type\":\"SearchAction\",\"target\":{\"@type\":\"EntryPoint\",\"urlTemplate\":\"https:\/\/lazarorosaviolan.com\/es\/?s={search_term_string}\"},\"query-input\":{\"@type\":\"PropertyValueSpecification\",\"valueRequired\":true,\"valueName\":\"search_term_string\"}}],\"inLanguage\":\"es\"},{\"@type\":\"Organization\",\"@id\":\"https:\/\/lazarorosaviolan.com\/es\/#organization\",\"name\":\"L\u00e1zaro Rosa Viol\u00e1n\",\"url\":\"https:\/\/lazarorosaviolan.com\/es\/\",\"logo\":{\"@type\":\"ImageObject\",\"inLanguage\":\"es\",\"@id\":\"https:\/\/lazarorosaviolan.com\/es\/#\/schema\/logo\/image\/\",\"url\":\"https:\/\/lazarorosaviolan.com\/wp-content\/uploads\/logo-png24.png\",\"contentUrl\":\"https:\/\/lazarorosaviolan.com\/wp-content\/uploads\/logo-png24.png\",\"width\":203,\"height\":76,\"caption\":\"L\u00e1zaro Rosa Viol\u00e1n\"},\"image\":{\"@id\":\"https:\/\/lazarorosaviolan.com\/es\/#\/schema\/logo\/image\/\"},\"sameAs\":[\"https:\/\/www.instagram.com\/lazarorosaviolan\/\"]}]}<\/script>\n<!-- \/ Yoast SEO plugin. -->","yoast_head_json":{"title":"dise\u00f1o gr\u00e1fico | L\u00e1zaro Rosa Viol\u00e1n","robots":{"index":"index","follow":"follow","max-snippet":"max-snippet:-1","max-image-preview":"max-image-preview:large","max-video-preview":"max-video-preview:-1"},"canonical":"https:\/\/lazarorosaviolan.com\/es\/diseno-grafico\/","og_locale":"es_ES","og_type":"article","og_title":"dise\u00f1o gr\u00e1fico | L\u00e1zaro Rosa Viol\u00e1n","og_description":"DISE\u00d1O GR\u00c1FICO Todos los proyectos 4444 WESTHEIMER RD SUITE C180, HOUSTON, TX 77027","og_url":"https:\/\/lazarorosaviolan.com\/es\/diseno-grafico\/","og_site_name":"L\u00e1zaro Rosa Viol\u00e1n","article_publisher":"https:\/\/www.instagram.com\/lazarorosaviolan\/","article_modified_time":"2025-08-11T22:14:01+00:00","og_image":[{"width":203,"height":76,"url":"https:\/\/lazarorosaviolan.com\/wp-content\/uploads\/logo-png24.png","type":"image\/png"}],"twitter_card":"summary_large_image","twitter_misc":{"Tiempo de lectura":"14 minutos"},"schema":{"@context":"https:\/\/schema.org","@graph":[{"@type":"WebPage","@id":"https:\/\/lazarorosaviolan.com\/es\/diseno-grafico\/","url":"https:\/\/lazarorosaviolan.com\/es\/diseno-grafico\/","name":"dise\u00f1o gr\u00e1fico | L\u00e1zaro Rosa Viol\u00e1n","isPartOf":{"@id":"https:\/\/lazarorosaviolan.com\/es\/#website"},"datePublished":"2023-06-04T09:05:50+00:00","dateModified":"2025-08-11T22:14:01+00:00","breadcrumb":{"@id":"https:\/\/lazarorosaviolan.com\/es\/diseno-grafico\/#breadcrumb"},"inLanguage":"es","potentialAction":[{"@type":"ReadAction","target":["https:\/\/lazarorosaviolan.com\/es\/diseno-grafico\/"]}]},{"@type":"BreadcrumbList","@id":"https:\/\/lazarorosaviolan.com\/es\/diseno-grafico\/#breadcrumb","itemListElement":[{"@type":"ListItem","position":1,"name":"Home","item":"https:\/\/lazarorosaviolan.com\/es\/"},{"@type":"ListItem","position":2,"name":"dise\u00f1o gr\u00e1fico"}]},{"@type":"WebSite","@id":"https:\/\/lazarorosaviolan.com\/es\/#website","url":"https:\/\/lazarorosaviolan.com\/es\/","name":"lazaro rosa violan | contemporain studio","description":"lrv","publisher":{"@id":"https:\/\/lazarorosaviolan.com\/es\/#organization"},"alternateName":"lazaro rosa violan","potentialAction":[{"@type":"SearchAction","target":{"@type":"EntryPoint","urlTemplate":"https:\/\/lazarorosaviolan.com\/es\/?s={search_term_string}"},"query-input":{"@type":"PropertyValueSpecification","valueRequired":true,"valueName":"search_term_string"}}],"inLanguage":"es"},{"@type":"Organization","@id":"https:\/\/lazarorosaviolan.com\/es\/#organization","name":"L\u00e1zaro Rosa Viol\u00e1n","url":"https:\/\/lazarorosaviolan.com\/es\/","logo":{"@type":"ImageObject","inLanguage":"es","@id":"https:\/\/lazarorosaviolan.com\/es\/#\/schema\/logo\/image\/","url":"https:\/\/lazarorosaviolan.com\/wp-content\/uploads\/logo-png24.png","contentUrl":"https:\/\/lazarorosaviolan.com\/wp-content\/uploads\/logo-png24.png","width":203,"height":76,"caption":"L\u00e1zaro Rosa Viol\u00e1n"},"image":{"@id":"https:\/\/lazarorosaviolan.com\/es\/#\/schema\/logo\/image\/"},"sameAs":["https:\/\/www.instagram.com\/lazarorosaviolan\/"]}]}},"_links":{"self":[{"href":"https:\/\/lazarorosaviolan.com\/es\/wp-json\/wp\/v2\/pages\/4201","targetHints":{"allow":["GET"]}}],"collection":[{"href":"https:\/\/lazarorosaviolan.com\/es\/wp-json\/wp\/v2\/pages"}],"about":[{"href":"https:\/\/lazarorosaviolan.com\/es\/wp-json\/wp\/v2\/types\/page"}],"author":[{"embeddable":true,"href":"https:\/\/lazarorosaviolan.com\/es\/wp-json\/wp\/v2\/users\/1"}],"replies":[{"embeddable":true,"href":"https:\/\/lazarorosaviolan.com\/es\/wp-json\/wp\/v2\/comments?post=4201"}],"version-history":[{"count":11,"href":"https:\/\/lazarorosaviolan.com\/es\/wp-json\/wp\/v2\/pages\/4201\/revisions"}],"predecessor-version":[{"id":6284,"href":"https:\/\/lazarorosaviolan.com\/es\/wp-json\/wp\/v2\/pages\/4201\/revisions\/6284"}],"wp:attachment":[{"href":"https:\/\/lazarorosaviolan.com\/es\/wp-json\/wp\/v2\/media?parent=4201"}],"curies":[{"name":"wp","href":"https:\/\/api.w.org\/{rel}","templated":true}]}}