{"id":3872,"date":"2023-01-15T07:51:45","date_gmt":"2023-01-15T06:51:45","guid":{"rendered":"https:\/\/lazarorosaviolan.com\/estudio\/"},"modified":"2025-10-01T15:28:21","modified_gmt":"2025-10-01T13:28:21","slug":"estudio","status":"publish","type":"page","link":"https:\/\/lazarorosaviolan.com\/es\/estudio\/","title":{"rendered":"estudio"},"content":{"rendered":"\t\t<div data-elementor-type=\"wp-page\" data-elementor-id=\"3872\" class=\"elementor elementor-3872 elementor-769\" data-elementor-post-type=\"page\">\n\t\t\t\t\t\t<section class=\"elementor-section elementor-top-section elementor-element elementor-element-e036d98 elementor-section-full_width elementor-section-height-min-height elementor-section-stretched elementor-section-height-default elementor-section-items-middle\" data-id=\"e036d98\" data-element_type=\"section\" data-settings=\"{&quot;stretch_section&quot;:&quot;section-stretched&quot;,&quot;background_background&quot;:&quot;classic&quot;,&quot;jet_parallax_layout_list&quot;:[]}\">\n\t\t\t\t\t\t<div class=\"elementor-container elementor-column-gap-no\">\n\t\t\t\t\t<div class=\"elementor-column elementor-col-100 elementor-top-column elementor-element elementor-element-b99f0eb\" data-id=\"b99f0eb\" data-element_type=\"column\">\n\t\t\t<div class=\"elementor-widget-wrap elementor-element-populated\">\n\t\t\t\t\t\t<div class=\"elementor-element elementor-element-138cf6c elementor-widget elementor-widget-jet-hotspots\" data-id=\"138cf6c\" data-element_type=\"widget\" data-widget_type=\"jet-hotspots.default\">\n\t\t\t\t<div class=\"elementor-widget-container\">\n\t\t\t\t\t\t\t<div class=\"jet-hotspots jet-hotspots__hotspots-tada-animation\" data-settings=\"{&quot;tooltipPlacement&quot;:&quot;bottom-start&quot;,&quot;tooltipArrow&quot;:true,&quot;tooltipTrigger&quot;:&quot;mouseenter&quot;,&quot;tooltipShowOnInit&quot;:false,&quot;tooltipShowDuration&quot;:{&quot;unit&quot;:&quot;ms&quot;,&quot;size&quot;:500,&quot;sizes&quot;:[]},&quot;tooltipHideDuration&quot;:{&quot;unit&quot;:&quot;ms&quot;,&quot;size&quot;:300,&quot;sizes&quot;:[]},&quot;tooltipDelay&quot;:{&quot;unit&quot;:&quot;ms&quot;,&quot;size&quot;:0,&quot;sizes&quot;:[]},&quot;tooltipDistance&quot;:{&quot;unit&quot;:&quot;px&quot;,&quot;size&quot;:15,&quot;sizes&quot;:[]},&quot;tooltipAnimation&quot;:&quot;fade&quot;,&quot;tooltipInteractive&quot;:true}\">\r\n\t\t\t<div class=\"jet-hotspots__inner\"><img fetchpriority=\"high\" decoding=\"async\" width=\"1456\" height=\"816\" src=\"https:\/\/lazarorosaviolan.com\/wp-content\/uploads\/equipoluis_httpss.mj_.runIrjACAcemtY_httpss.mj_.runFWUINRfnqFQ__55e1e1e7-fec7-469d-b1d8-53cc9e5f5096_1-copia.jpeg\" class=\"attachment-full size-full wp-image-5422\" alt=\"\" srcset=\"https:\/\/lazarorosaviolan.com\/wp-content\/uploads\/equipoluis_httpss.mj_.runIrjACAcemtY_httpss.mj_.runFWUINRfnqFQ__55e1e1e7-fec7-469d-b1d8-53cc9e5f5096_1-copia.jpeg 1456w, https:\/\/lazarorosaviolan.com\/wp-content\/uploads\/equipoluis_httpss.mj_.runIrjACAcemtY_httpss.mj_.runFWUINRfnqFQ__55e1e1e7-fec7-469d-b1d8-53cc9e5f5096_1-copia-600x336.jpeg 600w, https:\/\/lazarorosaviolan.com\/wp-content\/uploads\/equipoluis_httpss.mj_.runIrjACAcemtY_httpss.mj_.runFWUINRfnqFQ__55e1e1e7-fec7-469d-b1d8-53cc9e5f5096_1-copia-768x430.jpeg 768w\" sizes=\"(max-width: 1456px) 100vw, 1456px\" \/>\t\t\t\t<div class=\"jet-hotspots__container\"><div id=\"jet-hotspot-2051\" class=\"jet-hotspots__item\" data-tippy-content=\"&lt;b&gt;EL EQUIPO&lt;\/b&gt;\n&lt;\/p&gt;\nLo que comenz\u00f3 como un peque\u00f1o estudio de cuatro personas entre Madrid y Barcelona es\nhoy un equipo multidisciplinar de m\u00e1s de 160 profesionales de nueve nacionalidades\ndiferentes, liderado por L\u00e1zaro Rosa-Viol\u00e1n.\n&lt;\/P&gt;\nNuestro equipo integra arquitectos, interioristas, dise\u00f1adores gr\u00e1ficos e industriales, adem\u00e1s\nde ebanistas, pintores y artesanos, lo que nos permite abordar proyectos de manera integral.&lt;\/P&gt;\nNuestro equipo est\u00e1 formado por 8 equipos de dise\u00f1o, cada uno especializado en un \u00e1rea: 6\ndedicados a proyectos de Hospitality-Contract, 1 dedicado a proyectos de residencial y otro\ndedicado a proyectos de Retail. A su vez, cuentan con el apoyo de un equipo de\nproducci\u00f3n\/Procurement, un equipo de dise\u00f1o gr\u00e1fico, un equipo de dise\u00f1o industrial y el\nequipo de taller\/artesanos.&lt;\/P&gt;\nAdem\u00e1s, contamos con una extensa red de colaboradores externos, especializados en\npaisajismo, iluminaci\u00f3n, arquitectura t\u00e9cnica, etc.\" data-horizontal-position=\"77\" data-vertical-position=\"22\" data-tooltip-width=\"px\"><div class=\"jet-hotspots__item-inner\"><span class=\"jet-hotspots__item-icon jet-tricks-icon\"><i aria-hidden=\"true\" class=\"fas fa-plus-circle\"><\/i><\/span><\/div><\/div><div id=\"jet-hotspot-2052\" class=\"jet-hotspots__item\" data-tippy-content=\"&lt;b&gt;NUESTRA MISI\u00d3N&lt;\/b&gt;\n&lt;\/p&gt;\nSomos, ante todo, un estudio de dise\u00f1o de interiores.&lt;\/P&gt;\nNuestra visi\u00f3n es ofrecer una experiencia de dise\u00f1o completa. Apostamos por el total look, una armon\u00eda entre lo nuevo y lo antiguo, donde nuestros equipos de dise\u00f1o gr\u00e1fico y arquitectura trabajan mano a mano para crear espacios coherentes y \u00fanicos. Nos apasiona mezclar pasado y presente, restaurar lo esencial y descubrir lo inesperado, para construir una visi\u00f3n \u00fanica en cada proyecto.&lt;\/P&gt;\nDise\u00f1amos cada espacio desde la concepci\u00f3n inicial hasta el \u00faltimo detalle decorativo, incluyendo mobiliario, iluminaci\u00f3n, dise\u00f1o gr\u00e1fico, arte y carpinter\u00eda a medida.&lt;\/P&gt;\nCada proyecto que asumimos es una oportunidad para crear una identidad propia, coherente y memorable. Nuestro compromiso es que el resultado final no solo cumpla con lo proyectado en las primeras fases, sino que lo supere, y se convierta en un referente en su contexto.\n\" data-horizontal-position=\"57\" data-vertical-position=\"19\" data-tooltip-width=\"px\"><div class=\"jet-hotspots__item-inner\"><span class=\"jet-hotspots__item-icon jet-tricks-icon\"><i aria-hidden=\"true\" class=\"fas fa-plus-circle\"><\/i><\/span><\/div><\/div><div id=\"jet-hotspot-2053\" class=\"jet-hotspots__item\" data-tippy-content=\"&lt;b&gt;DISE\u00d1O DE PRODUCTO&lt;\/b&gt;\n&lt;\/p&gt;\nCuando se busca crear espacios \u00fanicos, tambi\u00e9n es necesario poder personalizar al m\u00e1ximo los elementos que lo componen.  &lt;\/P&gt;\nPor eso, nuestro equipo de dise\u00f1o industrial se encarga de dise\u00f1ar el mobiliario y la iluminaci\u00f3n adecuados para cada proyecto, as\u00ed como desarrollar, junto con L\u00e1zaro, todo tipo de productos, como grifos, l\u00e1mparas, accesorios de ba\u00f1o, muebles, etc. \n\" data-horizontal-position=\"42.5\" data-vertical-position=\"30\" data-tooltip-width=\"px\"><div class=\"jet-hotspots__item-inner\"><span class=\"jet-hotspots__item-icon jet-tricks-icon\"><i aria-hidden=\"true\" class=\"fas fa-plus-circle\"><\/i><\/span><\/div><\/div><div id=\"jet-hotspot-2054\" class=\"jet-hotspots__item\" data-tippy-content=\"&lt;b&gt;DISE\u00d1O GR\u00c1FICO&lt;\/b&gt;\n&lt;\/p&gt;\nFormado por un equipo din\u00e1mico con muchas inquietudes, se encargan de hacer posible lo imposible en materia de imagen. Desde la creaci\u00f3n de murales para reproducir en azulejos o papeles pintados hasta el desarrollo de la imagen de marca de las empresas y locales, pasando por la creaci\u00f3n de obras de arte para completar el aspecto general de los proyectos.\" data-horizontal-position=\"42\" data-vertical-position=\"15\" data-tooltip-width=\"px\"><div class=\"jet-hotspots__item-inner\"><span class=\"jet-hotspots__item-icon jet-tricks-icon\"><i aria-hidden=\"true\" class=\"fas fa-plus-circle\"><\/i><\/span><\/div><\/div><div id=\"jet-hotspot-2055\" class=\"jet-hotspots__item\" data-tippy-content=\"&lt;b&gt;TALLER&lt;\/b&gt;\n&lt;\/p&gt;\nParte de nuestra magia tiene mucho que ver con el reciclaje y la recuperaci\u00f3n de piezas, antiguas o contempor\u00e1neas, a las que damos una segunda vida o la creaci\u00f3n de piezas exclusivas, como paneles o esculturas. &lt;\/P&gt;\nY todo esto es posible gracias a nuestro equipo de ebanistas, carpinteros y artesanos que, bajo la direcci\u00f3n de L\u00e1zaro, son capaces de hacer magia con todo tipo de materiales, adapt\u00e1ndolos a las necesidades de nuestros proyectos y dot\u00e1ndolos de un car\u00e1cter \u00fanico. \n\" data-horizontal-position=\"34.5\" data-vertical-position=\"11\" data-tooltip-width=\"px\"><div class=\"jet-hotspots__item-inner\"><span class=\"jet-hotspots__item-icon jet-tricks-icon\"><i aria-hidden=\"true\" class=\"fas fa-plus-circle\"><\/i><\/span><\/div><\/div><div id=\"jet-hotspot-2056\" class=\"jet-hotspots__item\" data-tippy-content=\"&lt;b&gt; \u00daNETE A NOSOTREOS&lt;\/b&gt;\n&lt;\/p&gt;\nSi eres una persona curiosa, creativa, apasionada por el dise\u00f1o y exigente, \u00a1UNET\u00c9 A NOSOTROS!&lt;\/P&gt;\n\nEnv\u00eda tu CV y tu portfolio a &lt;a href=&quot;mailto:info@lazarorosaviolan.com&quot;&gt;info@lazarorosaviolan.com&lt;\/a&gt;\n\n\" data-horizontal-position=\"26\" data-vertical-position=\"7\" data-tooltip-width=\"px\"><div class=\"jet-hotspots__item-inner\"><span class=\"jet-hotspots__item-icon jet-tricks-icon\"><i aria-hidden=\"true\" class=\"fas fa-plus-circle\"><\/i><\/span><\/div><\/div>\t\t\t\t<\/div>\r\n\t\t\t<\/div>\r\n\t\t<\/div>\r\n\t\t\t\t\t\t<\/div>\n\t\t\t\t<\/div>\n\t\t\t\t\t<\/div>\n\t\t<\/div>\n\t\t\t\t\t<\/div>\n\t\t<\/section>\n\t\t\t\t<section class=\"elementor-section elementor-top-section elementor-element elementor-element-1bc6fcb elementor-section-boxed elementor-section-height-default elementor-section-height-default\" data-id=\"1bc6fcb\" data-element_type=\"section\" data-settings=\"{&quot;jet_parallax_layout_list&quot;:[],&quot;background_background&quot;:&quot;classic&quot;}\">\n\t\t\t\t\t\t<div class=\"elementor-container elementor-column-gap-default\">\n\t\t\t\t\t<div class=\"elementor-column elementor-col-100 elementor-top-column elementor-element elementor-element-def6a7a\" data-id=\"def6a7a\" data-element_type=\"column\">\n\t\t\t<div class=\"elementor-widget-wrap elementor-element-populated\">\n\t\t\t\t\t\t<div class=\"elementor-element elementor-element-8138898 elementor-widget elementor-widget-heading\" data-id=\"8138898\" data-element_type=\"widget\" data-widget_type=\"heading.default\">\n\t\t\t\t<div class=\"elementor-widget-container\">\n\t\t\t\t\t<h1 class=\"elementor-heading-title elementor-size-default\">Estudio<\/h1>\t\t\t\t<\/div>\n\t\t\t\t<\/div>\n\t\t\t\t<div class=\"elementor-element elementor-element-311fe99 elementor-widget elementor-widget-heading\" data-id=\"311fe99\" data-element_type=\"widget\" data-widget_type=\"heading.default\">\n\t\t\t\t<div class=\"elementor-widget-container\">\n\t\t\t\t\t<h2 class=\"elementor-heading-title elementor-size-default\">Trayectoria del estudio<\/h2>\t\t\t\t<\/div>\n\t\t\t\t<\/div>\n\t\t\t\t<div class=\"elementor-element elementor-element-282058f elementor-widget elementor-widget-text-editor\" data-id=\"282058f\" data-element_type=\"widget\" data-widget_type=\"text-editor.default\">\n\t\t\t\t<div class=\"elementor-widget-container\">\n\t\t\t\t\t\t\t\t\t<p>LRV Studio naci\u00f3 en 2002 en Barcelona, entre las paredes de una antigua f\u00e1brica textil en el<br \/>modernista barrio del Eixample, en el coraz\u00f3n de la ciudad. Barcelona es nuestro portfolio,<br \/>nuestro patio de juego y nuestra fuente inagotable de inspiraci\u00f3n. Aqu\u00ed tuvimos a nuestro<br \/>primer cliente y desde aqu\u00ed hemos proyectado nuestro trabajo al resto del mundo.<\/p><p>El estudio se fund\u00f3 con la convicci\u00f3n de que era posible ofrecer una nueva visi\u00f3n en el dise\u00f1o<br \/>de espacios comerciales y residenciales en Espa\u00f1a.<\/p><p>Aspiramos a que cada cliente que cruza nuestras puertas perciba la energ\u00eda creativa de nuestro equipo y una atm\u00f3sfera fiel a nuestra filosof\u00eda: dise\u00f1ar espacios donde funcionalidad y est\u00e9tica se fusionan de forma natural, siempre escuchando al cliente.<\/p><p>En los \u00faltimos 23 a\u00f1os, LRV Studio ha desarrollado m\u00e1s de 500 proyectos en m\u00e1s de 40 pa\u00edses,<br \/>colaborando con algunos de los grupos m\u00e1s influyentes del sector hotelero, gastron\u00f3mico y<br \/>retail. Entre ellos, marcas como Inditex (Oysho, Pull &amp; Bear, Lefties), Aristocrazy, Joyer\u00eda Su\u00e1rez, SEAT, Soho House, Shangri-La Hotels, Casa Batll\u00f3, Standard Hotels, Amaz\u00f3nico Restaurants, H10 Hotels, Fairmont Hotels, Sandy Lane Canouan, Accor y Marriott.<\/p><p>En 2022 abrimos nuestra segunda oficina en Madrid, junto al emblem\u00e1tico Parque del Retiro.<\/p>\t\t\t\t\t\t\t\t<\/div>\n\t\t\t\t<\/div>\n\t\t\t\t\t<\/div>\n\t\t<\/div>\n\t\t\t\t\t<\/div>\n\t\t<\/section>\n\t\t\t\t<\/div>\n\t\t","protected":false},"excerpt":{"rendered":"<p>Estudio Trayectoria del estudio LRV Studio naci\u00f3 en 2002 en Barcelona, entre las paredes de una antigua f\u00e1brica textil en elmodernista barrio del Eixample, en el coraz\u00f3n de la ciudad. Barcelona es nuestro portfolio,nuestro patio de juego y nuestra fuente inagotable de inspiraci\u00f3n. Aqu\u00ed tuvimos a nuestroprimer cliente y desde aqu\u00ed hemos proyectado nuestro trabajo [&hellip;]<\/p>\n","protected":false},"author":1,"featured_media":0,"parent":0,"menu_order":0,"comment_status":"closed","ping_status":"closed","template":"elementor_theme","meta":{"site-sidebar-layout":"no-sidebar","site-content-layout":"page-builder","ast-site-content-layout":"default","site-content-style":"default","site-sidebar-style":"default","ast-global-header-display":"","ast-banner-title-visibility":"","ast-main-header-display":"","ast-hfb-above-header-display":"","ast-hfb-below-header-display":"","ast-hfb-mobile-header-display":"","site-post-title":"disabled","ast-breadcrumbs-content":"","ast-featured-img":"disabled","footer-sml-layout":"","theme-transparent-header-meta":"","adv-header-id-meta":"","stick-header-meta":"","header-above-stick-meta":"","header-main-stick-meta":"","header-below-stick-meta":"","astra-migrate-meta-layouts":"default","ast-page-background-enabled":"default","ast-page-background-meta":{"desktop":{"background-color":"var(--ast-global-color-4)","background-image":"","background-repeat":"repeat","background-position":"center center","background-size":"auto","background-attachment":"scroll","background-type":"","background-media":"","overlay-type":"","overlay-color":"","overlay-opacity":"","overlay-gradient":""},"tablet":{"background-color":"","background-image":"","background-repeat":"repeat","background-position":"center center","background-size":"auto","background-attachment":"scroll","background-type":"","background-media":"","overlay-type":"","overlay-color":"","overlay-opacity":"","overlay-gradient":""},"mobile":{"background-color":"","background-image":"","background-repeat":"repeat","background-position":"center center","background-size":"auto","background-attachment":"scroll","background-type":"","background-media":"","overlay-type":"","overlay-color":"","overlay-opacity":"","overlay-gradient":""}},"ast-content-background-meta":{"desktop":{"background-color":"var(--ast-global-color-5)","background-image":"","background-repeat":"repeat","background-position":"center center","background-size":"auto","background-attachment":"scroll","background-type":"","background-media":"","overlay-type":"","overlay-color":"","overlay-opacity":"","overlay-gradient":""},"tablet":{"background-color":"var(--ast-global-color-5)","background-image":"","background-repeat":"repeat","background-position":"center center","background-size":"auto","background-attachment":"scroll","background-type":"","background-media":"","overlay-type":"","overlay-color":"","overlay-opacity":"","overlay-gradient":""},"mobile":{"background-color":"var(--ast-global-color-5)","background-image":"","background-repeat":"repeat","background-position":"center center","background-size":"auto","background-attachment":"scroll","background-type":"","background-media":"","overlay-type":"","overlay-color":"","overlay-opacity":"","overlay-gradient":""}},"footnotes":""},"class_list":["post-3872","page","type-page","status-publish","hentry"],"yoast_head":"<!-- This site is optimized with the Yoast SEO plugin v26.1.1 - https:\/\/yoast.com\/wordpress\/plugins\/seo\/ -->\n<title>estudio | L\u00e1zaro Rosa Viol\u00e1n<\/title>\n<meta name=\"robots\" content=\"index, follow, max-snippet:-1, max-image-preview:large, max-video-preview:-1\" \/>\n<link rel=\"canonical\" href=\"https:\/\/lazarorosaviolan.com\/es\/estudio\/\" \/>\n<meta property=\"og:locale\" content=\"es_ES\" \/>\n<meta property=\"og:type\" content=\"article\" \/>\n<meta property=\"og:title\" content=\"estudio | L\u00e1zaro Rosa Viol\u00e1n\" \/>\n<meta property=\"og:description\" content=\"Estudio Trayectoria del estudio LRV Studio naci\u00f3 en 2002 en Barcelona, entre las paredes de una antigua f\u00e1brica textil en elmodernista barrio del Eixample, en el coraz\u00f3n de la ciudad. Barcelona es nuestro portfolio,nuestro patio de juego y nuestra fuente inagotable de inspiraci\u00f3n. Aqu\u00ed tuvimos a nuestroprimer cliente y desde aqu\u00ed hemos proyectado nuestro trabajo [&hellip;]\" \/>\n<meta property=\"og:url\" content=\"https:\/\/lazarorosaviolan.com\/es\/estudio\/\" \/>\n<meta property=\"og:site_name\" content=\"L\u00e1zaro Rosa Viol\u00e1n\" \/>\n<meta property=\"article:publisher\" content=\"https:\/\/www.instagram.com\/lazarorosaviolan\/\" \/>\n<meta property=\"article:modified_time\" content=\"2025-10-01T13:28:21+00:00\" \/>\n<meta property=\"og:image\" content=\"https:\/\/lazarorosaviolan.com\/wp-content\/uploads\/equipoluis_httpss.mj_.runIrjACAcemtY_httpss.mj_.runFWUINRfnqFQ__55e1e1e7-fec7-469d-b1d8-53cc9e5f5096_1-copia.jpeg\" \/>\n\t<meta property=\"og:image:width\" content=\"1456\" \/>\n\t<meta property=\"og:image:height\" content=\"816\" \/>\n\t<meta property=\"og:image:type\" content=\"image\/jpeg\" \/>\n<meta name=\"twitter:card\" content=\"summary_large_image\" \/>\n<meta name=\"twitter:label1\" content=\"Tiempo de lectura\" \/>\n\t<meta name=\"twitter:data1\" content=\"4 minutos\" \/>\n<script type=\"application\/ld+json\" class=\"yoast-schema-graph\">{\"@context\":\"https:\/\/schema.org\",\"@graph\":[{\"@type\":\"WebPage\",\"@id\":\"https:\/\/lazarorosaviolan.com\/es\/estudio\/\",\"url\":\"https:\/\/lazarorosaviolan.com\/es\/estudio\/\",\"name\":\"estudio | L\u00e1zaro Rosa Viol\u00e1n\",\"isPartOf\":{\"@id\":\"https:\/\/lazarorosaviolan.com\/es\/#website\"},\"primaryImageOfPage\":{\"@id\":\"https:\/\/lazarorosaviolan.com\/es\/estudio\/#primaryimage\"},\"image\":{\"@id\":\"https:\/\/lazarorosaviolan.com\/es\/estudio\/#primaryimage\"},\"thumbnailUrl\":\"https:\/\/lazarorosaviolan.com\/wp-content\/uploads\/equipoluis_httpss.mj_.runIrjACAcemtY_httpss.mj_.runFWUINRfnqFQ__55e1e1e7-fec7-469d-b1d8-53cc9e5f5096_1-copia.jpeg\",\"datePublished\":\"2023-01-15T06:51:45+00:00\",\"dateModified\":\"2025-10-01T13:28:21+00:00\",\"breadcrumb\":{\"@id\":\"https:\/\/lazarorosaviolan.com\/es\/estudio\/#breadcrumb\"},\"inLanguage\":\"es\",\"potentialAction\":[{\"@type\":\"ReadAction\",\"target\":[\"https:\/\/lazarorosaviolan.com\/es\/estudio\/\"]}]},{\"@type\":\"ImageObject\",\"inLanguage\":\"es\",\"@id\":\"https:\/\/lazarorosaviolan.com\/es\/estudio\/#primaryimage\",\"url\":\"https:\/\/lazarorosaviolan.com\/wp-content\/uploads\/equipoluis_httpss.mj_.runIrjACAcemtY_httpss.mj_.runFWUINRfnqFQ__55e1e1e7-fec7-469d-b1d8-53cc9e5f5096_1-copia.jpeg\",\"contentUrl\":\"https:\/\/lazarorosaviolan.com\/wp-content\/uploads\/equipoluis_httpss.mj_.runIrjACAcemtY_httpss.mj_.runFWUINRfnqFQ__55e1e1e7-fec7-469d-b1d8-53cc9e5f5096_1-copia.jpeg\"},{\"@type\":\"BreadcrumbList\",\"@id\":\"https:\/\/lazarorosaviolan.com\/es\/estudio\/#breadcrumb\",\"itemListElement\":[{\"@type\":\"ListItem\",\"position\":1,\"name\":\"Home\",\"item\":\"https:\/\/lazarorosaviolan.com\/es\/\"},{\"@type\":\"ListItem\",\"position\":2,\"name\":\"estudio\"}]},{\"@type\":\"WebSite\",\"@id\":\"https:\/\/lazarorosaviolan.com\/es\/#website\",\"url\":\"https:\/\/lazarorosaviolan.com\/es\/\",\"name\":\"lazaro rosa violan | contemporain studio\",\"description\":\"lrv\",\"publisher\":{\"@id\":\"https:\/\/lazarorosaviolan.com\/es\/#organization\"},\"alternateName\":\"lazaro rosa violan\",\"potentialAction\":[{\"@type\":\"SearchAction\",\"target\":{\"@type\":\"EntryPoint\",\"urlTemplate\":\"https:\/\/lazarorosaviolan.com\/es\/?s={search_term_string}\"},\"query-input\":{\"@type\":\"PropertyValueSpecification\",\"valueRequired\":true,\"valueName\":\"search_term_string\"}}],\"inLanguage\":\"es\"},{\"@type\":\"Organization\",\"@id\":\"https:\/\/lazarorosaviolan.com\/es\/#organization\",\"name\":\"L\u00e1zaro Rosa Viol\u00e1n\",\"url\":\"https:\/\/lazarorosaviolan.com\/es\/\",\"logo\":{\"@type\":\"ImageObject\",\"inLanguage\":\"es\",\"@id\":\"https:\/\/lazarorosaviolan.com\/es\/#\/schema\/logo\/image\/\",\"url\":\"https:\/\/lazarorosaviolan.com\/wp-content\/uploads\/logo-png24.png\",\"contentUrl\":\"https:\/\/lazarorosaviolan.com\/wp-content\/uploads\/logo-png24.png\",\"width\":203,\"height\":76,\"caption\":\"L\u00e1zaro Rosa Viol\u00e1n\"},\"image\":{\"@id\":\"https:\/\/lazarorosaviolan.com\/es\/#\/schema\/logo\/image\/\"},\"sameAs\":[\"https:\/\/www.instagram.com\/lazarorosaviolan\/\"]}]}<\/script>\n<!-- \/ Yoast SEO plugin. -->","yoast_head_json":{"title":"estudio | L\u00e1zaro Rosa Viol\u00e1n","robots":{"index":"index","follow":"follow","max-snippet":"max-snippet:-1","max-image-preview":"max-image-preview:large","max-video-preview":"max-video-preview:-1"},"canonical":"https:\/\/lazarorosaviolan.com\/es\/estudio\/","og_locale":"es_ES","og_type":"article","og_title":"estudio | L\u00e1zaro Rosa Viol\u00e1n","og_description":"Estudio Trayectoria del estudio LRV Studio naci\u00f3 en 2002 en Barcelona, entre las paredes de una antigua f\u00e1brica textil en elmodernista barrio del Eixample, en el coraz\u00f3n de la ciudad. Barcelona es nuestro portfolio,nuestro patio de juego y nuestra fuente inagotable de inspiraci\u00f3n. Aqu\u00ed tuvimos a nuestroprimer cliente y desde aqu\u00ed hemos proyectado nuestro trabajo [&hellip;]","og_url":"https:\/\/lazarorosaviolan.com\/es\/estudio\/","og_site_name":"L\u00e1zaro Rosa Viol\u00e1n","article_publisher":"https:\/\/www.instagram.com\/lazarorosaviolan\/","article_modified_time":"2025-10-01T13:28:21+00:00","og_image":[{"width":1456,"height":816,"url":"https:\/\/lazarorosaviolan.com\/wp-content\/uploads\/equipoluis_httpss.mj_.runIrjACAcemtY_httpss.mj_.runFWUINRfnqFQ__55e1e1e7-fec7-469d-b1d8-53cc9e5f5096_1-copia.jpeg","type":"image\/jpeg"}],"twitter_card":"summary_large_image","twitter_misc":{"Tiempo de lectura":"4 minutos"},"schema":{"@context":"https:\/\/schema.org","@graph":[{"@type":"WebPage","@id":"https:\/\/lazarorosaviolan.com\/es\/estudio\/","url":"https:\/\/lazarorosaviolan.com\/es\/estudio\/","name":"estudio | L\u00e1zaro Rosa Viol\u00e1n","isPartOf":{"@id":"https:\/\/lazarorosaviolan.com\/es\/#website"},"primaryImageOfPage":{"@id":"https:\/\/lazarorosaviolan.com\/es\/estudio\/#primaryimage"},"image":{"@id":"https:\/\/lazarorosaviolan.com\/es\/estudio\/#primaryimage"},"thumbnailUrl":"https:\/\/lazarorosaviolan.com\/wp-content\/uploads\/equipoluis_httpss.mj_.runIrjACAcemtY_httpss.mj_.runFWUINRfnqFQ__55e1e1e7-fec7-469d-b1d8-53cc9e5f5096_1-copia.jpeg","datePublished":"2023-01-15T06:51:45+00:00","dateModified":"2025-10-01T13:28:21+00:00","breadcrumb":{"@id":"https:\/\/lazarorosaviolan.com\/es\/estudio\/#breadcrumb"},"inLanguage":"es","potentialAction":[{"@type":"ReadAction","target":["https:\/\/lazarorosaviolan.com\/es\/estudio\/"]}]},{"@type":"ImageObject","inLanguage":"es","@id":"https:\/\/lazarorosaviolan.com\/es\/estudio\/#primaryimage","url":"https:\/\/lazarorosaviolan.com\/wp-content\/uploads\/equipoluis_httpss.mj_.runIrjACAcemtY_httpss.mj_.runFWUINRfnqFQ__55e1e1e7-fec7-469d-b1d8-53cc9e5f5096_1-copia.jpeg","contentUrl":"https:\/\/lazarorosaviolan.com\/wp-content\/uploads\/equipoluis_httpss.mj_.runIrjACAcemtY_httpss.mj_.runFWUINRfnqFQ__55e1e1e7-fec7-469d-b1d8-53cc9e5f5096_1-copia.jpeg"},{"@type":"BreadcrumbList","@id":"https:\/\/lazarorosaviolan.com\/es\/estudio\/#breadcrumb","itemListElement":[{"@type":"ListItem","position":1,"name":"Home","item":"https:\/\/lazarorosaviolan.com\/es\/"},{"@type":"ListItem","position":2,"name":"estudio"}]},{"@type":"WebSite","@id":"https:\/\/lazarorosaviolan.com\/es\/#website","url":"https:\/\/lazarorosaviolan.com\/es\/","name":"lazaro rosa violan | contemporain studio","description":"lrv","publisher":{"@id":"https:\/\/lazarorosaviolan.com\/es\/#organization"},"alternateName":"lazaro rosa violan","potentialAction":[{"@type":"SearchAction","target":{"@type":"EntryPoint","urlTemplate":"https:\/\/lazarorosaviolan.com\/es\/?s={search_term_string}"},"query-input":{"@type":"PropertyValueSpecification","valueRequired":true,"valueName":"search_term_string"}}],"inLanguage":"es"},{"@type":"Organization","@id":"https:\/\/lazarorosaviolan.com\/es\/#organization","name":"L\u00e1zaro Rosa Viol\u00e1n","url":"https:\/\/lazarorosaviolan.com\/es\/","logo":{"@type":"ImageObject","inLanguage":"es","@id":"https:\/\/lazarorosaviolan.com\/es\/#\/schema\/logo\/image\/","url":"https:\/\/lazarorosaviolan.com\/wp-content\/uploads\/logo-png24.png","contentUrl":"https:\/\/lazarorosaviolan.com\/wp-content\/uploads\/logo-png24.png","width":203,"height":76,"caption":"L\u00e1zaro Rosa Viol\u00e1n"},"image":{"@id":"https:\/\/lazarorosaviolan.com\/es\/#\/schema\/logo\/image\/"},"sameAs":["https:\/\/www.instagram.com\/lazarorosaviolan\/"]}]}},"_links":{"self":[{"href":"https:\/\/lazarorosaviolan.com\/es\/wp-json\/wp\/v2\/pages\/3872","targetHints":{"allow":["GET"]}}],"collection":[{"href":"https:\/\/lazarorosaviolan.com\/es\/wp-json\/wp\/v2\/pages"}],"about":[{"href":"https:\/\/lazarorosaviolan.com\/es\/wp-json\/wp\/v2\/types\/page"}],"author":[{"embeddable":true,"href":"https:\/\/lazarorosaviolan.com\/es\/wp-json\/wp\/v2\/users\/1"}],"replies":[{"embeddable":true,"href":"https:\/\/lazarorosaviolan.com\/es\/wp-json\/wp\/v2\/comments?post=3872"}],"version-history":[{"count":68,"href":"https:\/\/lazarorosaviolan.com\/es\/wp-json\/wp\/v2\/pages\/3872\/revisions"}],"predecessor-version":[{"id":6709,"href":"https:\/\/lazarorosaviolan.com\/es\/wp-json\/wp\/v2\/pages\/3872\/revisions\/6709"}],"wp:attachment":[{"href":"https:\/\/lazarorosaviolan.com\/es\/wp-json\/wp\/v2\/media?parent=3872"}],"curies":[{"name":"wp","href":"https:\/\/api.w.org\/{rel}","templated":true}]}}